{"id":5103,"date":"2023-10-19T18:06:31","date_gmt":"2023-10-19T18:06:31","guid":{"rendered":"https:\/\/demo.artureanec.com\/themes\/agencium\/?page_id=5103"},"modified":"2024-09-07T11:40:41","modified_gmt":"2024-09-07T11:40:41","slug":"blog-classic-2","status":"publish","type":"page","link":"https:\/\/hexagon-network.com\/pl\/blog-classic-2\/","title":{"rendered":"Blog <em>Classic<\/em>"},"content":{"rendered":"<div data-elementor-type=\"wp-page\" data-elementor-id=\"5103\" class=\"elementor elementor-5103\" data-elementor-post-type=\"page\">\n\t\t\t\t\t\t<section class=\"elementor-section elementor-top-section elementor-element elementor-element-09d48d6 elementor-section-full_width elementor-section-stretched elementor-section-height-default elementor-section-height-default\" data-id=\"09d48d6\" data-element_type=\"section\" data-e-type=\"section\" data-settings=\"{&quot;stretch_section&quot;:&quot;section-stretched&quot;}\">\n\t\t\t\t\t\t<div class=\"elementor-container elementor-column-gap-no\">\n\t\t\t\t\t<div class=\"elementor-column elementor-col-100 elementor-top-column elementor-element elementor-element-295b179\" data-id=\"295b179\" data-element_type=\"column\" data-e-type=\"column\">\n\t\t\t<div class=\"elementor-widget-wrap elementor-element-populated\">\n\t\t\t\t\t\t<div class=\"elementor-element elementor-element-4bcdcd4 elementor-widget__width-inherit elementor-absolute elementor-widget elementor-widget-image\" data-id=\"4bcdcd4\" data-element_type=\"widget\" data-e-type=\"widget\" data-settings=\"{&quot;_position&quot;:&quot;absolute&quot;}\" data-widget_type=\"image.default\">\n\t\t\t\t<div class=\"elementor-widget-container\">\n\t\t\t\t\t\t\t\t\t\t\t\t\t\t\t<img fetchpriority=\"high\" decoding=\"async\" width=\"1920\" height=\"2801\" src=\"https:\/\/hexagon-network.com\/wp-content\/uploads\/2023\/10\/home5-bg1.png\" class=\"attachment-full size-full wp-image-4963\" alt=\"\" srcset=\"https:\/\/hexagon-network.com\/wp-content\/uploads\/2023\/10\/home5-bg1.png 1920w, https:\/\/hexagon-network.com\/wp-content\/uploads\/2023\/10\/home5-bg1-1404x2048.png 1404w\" sizes=\"(max-width: 1920px) 100vw, 1920px\" \/>\t\t\t\t\t\t\t\t\t\t\t\t\t\t\t<\/div>\n\t\t\t\t<\/div>\n\t\t\t\t\t<\/div>\n\t\t<\/div>\n\t\t\t\t\t<\/div>\n\t\t<\/section>\n\t\t\t\t<section class=\"elementor-section elementor-top-section elementor-element elementor-element-9dc7c96 elementor-section-boxed elementor-section-height-default elementor-section-height-default\" data-id=\"9dc7c96\" data-element_type=\"section\" data-e-type=\"section\">\n\t\t\t\t\t\t<div class=\"elementor-container elementor-column-gap-default\">\n\t\t\t\t\t<div class=\"elementor-column elementor-col-100 elementor-top-column elementor-element elementor-element-abfa276\" data-id=\"abfa276\" data-element_type=\"column\" data-e-type=\"column\">\n\t\t\t<div class=\"elementor-widget-wrap elementor-element-populated\">\n\t\t\t\t\t\t<div class=\"elementor-element elementor-element-4580823 elementor-invisible elementor-widget elementor-widget-agencium_heading\" data-id=\"4580823\" data-element_type=\"widget\" data-e-type=\"widget\" data-settings=\"{&quot;_animation&quot;:&quot;agenciumHeadingBorder&quot;}\" data-widget_type=\"agencium_heading.default\">\n\t\t\t\t<div class=\"elementor-widget-container\">\n\t\t\t\t\t<div class=\"agencium-subtitle\"><div class=\"agencium-subtitle-text\"><p>blog posts<\/p><\/div><\/div>\t\t\t\t<\/div>\n\t\t\t\t<\/div>\n\t\t\t\t<div class=\"elementor-element elementor-element-4d67ef5 elementor-widget elementor-widget-agencium_blog_listing\" data-id=\"4d67ef5\" data-element_type=\"widget\" data-e-type=\"widget\" data-widget_type=\"agencium_blog_listing.default\">\n\t\t\t\t<div class=\"elementor-widget-container\">\n\t\t\t\t\t\n        <div class=\"archive-listing\" data-ajax='{&quot;post_type&quot;:&quot;post&quot;,&quot;post_status&quot;:&quot;publish&quot;,&quot;posts_per_page&quot;:4,&quot;orderby&quot;:&quot;date&quot;,&quot;order&quot;:&quot;desc&quot;,&quot;paged&quot;:1,&quot;category_name&quot;:&quot;&quot;,&quot;tag&quot;:&quot;&quot;,&quot;post__in&quot;:&quot;&quot;,&quot;ignore_sticky_posts&quot;:false,&quot;link_base&quot;:&quot;https:\\\/\\\/hexagon-network.com\\\/pl\\\/wp-json\\\/wp\\\/v2\\\/pages\\\/5103&quot;}' data-widget='{&quot;listing_type&quot;:&quot;classic&quot;,&quot;excerpt_length&quot;:343,&quot;show_cat&quot;:&quot;yes&quot;,&quot;show_media&quot;:&quot;yes&quot;,&quot;show_author&quot;:&quot;yes&quot;,&quot;show_date&quot;:&quot;yes&quot;,&quot;show_title&quot;:&quot;yes&quot;,&quot;show_tags&quot;:&quot;&quot;,&quot;show_excerpt&quot;:&quot;yes&quot;,&quot;show_read_more&quot;:&quot;yes&quot;,&quot;read_more_text&quot;:&quot;Explore more&quot;,&quot;item_class&quot;:&quot;post classic-item classic-blog-item-wrapper&quot;,&quot;columns_number&quot;:1,&quot;show_pagination&quot;:&quot;yes&quot;}'>\n            <div class=\"archive-listing-wrapper classic-listing\">\n                \n<div class=\"standard-blog-item-wrapper post classic-item classic-blog-item-wrapper post-386 type-post status-publish format-standard has-post-thumbnail hentry category-technology tag-ads tag-marketing tag-seo-text\">\n    <div class=\"blog-item\">\n        <div class=\"post-labels\"><div class=\"post-categories\"><span class=\"post-category-item post-icon-sticky\"><\/span><a class=\"post-category-item\" href=\"https:\/\/hexagon-network.com\/pl\/category\/technology\/\">Technology<\/a><\/div><\/div><div class=\"post-media-wrapper\"><div class=\"post-media\"><a href=\"https:\/\/hexagon-network.com\/pl\/digital-communications-in-peoples-daily-lives\/\"><picture><source media=\"(max-width: 480px)\" sizes=\"(max-width: 480px) 480px\" srcset=\"https:\/\/hexagon-network.com\/wp-content\/uploads\/2023\/05\/christin-hume-Hcfwew744z4-unsplash-1-480x480.jpg 480w\"><source media=\"(max-width: 660px)\" sizes=\"(max-width: 660px) 660px\" srcset=\"https:\/\/hexagon-network.com\/wp-content\/uploads\/2023\/05\/christin-hume-Hcfwew744z4-unsplash-1-600x600.jpg 660w\"><source media=\"(max-width: 840px)\" sizes=\"(max-width: 840px) 840px\" srcset=\"https:\/\/hexagon-network.com\/wp-content\/uploads\/2023\/05\/christin-hume-Hcfwew744z4-unsplash-1-840x840.jpg 840w\"><source media=\"(max-width: 1020px)\" sizes=\"(max-width: 1020px) 1020px\" srcset=\"https:\/\/hexagon-network.com\/wp-content\/uploads\/2023\/05\/christin-hume-Hcfwew744z4-unsplash-1-1200x1200.jpg 1020w\"><source media=\"(max-width: 1200px)\" sizes=\"(max-width: 1200px) 1200px\" srcset=\"https:\/\/hexagon-network.com\/wp-content\/uploads\/2023\/05\/christin-hume-Hcfwew744z4-unsplash-1-1200x1200.jpg 1200w\"><img decoding=\"async\" alt=\"christin-hume-Hcfwew744z4-unsplash 1\" title=\"christin-hume-Hcfwew744z4-unsplash 1\" src=\"https:\/\/hexagon-network.com\/wp-content\/uploads\/2023\/05\/christin-hume-Hcfwew744z4-unsplash-1.jpg\" class=\"attachment-full size-full wp-post-image\" \/><\/picture><\/a><\/div><\/div><div class=\"post-meta-header\"><span class=\"post-meta-item post-meta-item-date\">18\/05\/2023<\/span><span class=\"post-meta-item post-meta-item-author\"><a href=\"https:\/\/hexagon-network.com\/pl\/author\/hex-net-adm\/\">admin<\/a><\/span><\/div><h3 class=\"post-title\"><a href=\"https:\/\/hexagon-network.com\/pl\/digital-communications-in-peoples-daily-lives\/\">Digital <em>communications in<\/em> people&#8217;s daily lives<\/a><\/h3><div class=\"post-content\">Link salmon cherry salmon combtail gourami frigate mackerel snake mackerel upside-down catfish finback cat shark longnose. Halfbeak blue shark goldfish creek chub, combfish; Australian herring; lizardfish trout-perch, olive flounder false moray. Monkeyface prickleback cutlassfish, &#8220;Black scalyfin,&#8221; swamp-eel eel yellowfin surgeon...<\/div><div class=\"post-more-button\"><a href=\"https:\/\/hexagon-network.com\/pl\/digital-communications-in-peoples-daily-lives\/\" class=\"agencium-alter-button\">Explore more<svg viewbox=\"0 0 13 20\"><polyline points=\"0.5 19.5 3 19.5 12.5 10 3 0.5\"><\/polyline><\/svg><\/a><\/div>    <\/div>\n<\/div>\n<div class=\"standard-blog-item-wrapper post classic-item classic-blog-item-wrapper post-436 type-post status-publish format-standard has-post-thumbnail hentry category-creative-marketing tag-ads tag-marketing tag-seo-text\">\n    <div class=\"blog-item\">\n        <div class=\"post-labels\"><div class=\"post-categories\"><a class=\"post-category-item\" href=\"https:\/\/hexagon-network.com\/pl\/category\/creative-marketing\/\">Creative Marketing<\/a><\/div><\/div><div class=\"post-media-wrapper\"><div class=\"post-media\"><a href=\"https:\/\/hexagon-network.com\/pl\/seo-implements-in-website\/\"><picture><source media=\"(max-width: 480px)\" sizes=\"(max-width: 480px) 480px\" srcset=\"https:\/\/hexagon-network.com\/wp-content\/uploads\/2023\/05\/linkedin-sales-solutions-YDVdprpgHv4-unsplash-480x480.jpg 480w\"><source media=\"(max-width: 660px)\" sizes=\"(max-width: 660px) 660px\" srcset=\"https:\/\/hexagon-network.com\/wp-content\/uploads\/2023\/05\/linkedin-sales-solutions-YDVdprpgHv4-unsplash-600x600.jpg 660w\"><source media=\"(max-width: 840px)\" sizes=\"(max-width: 840px) 840px\" srcset=\"https:\/\/hexagon-network.com\/wp-content\/uploads\/2023\/05\/linkedin-sales-solutions-YDVdprpgHv4-unsplash-840x840.jpg 840w\"><source media=\"(max-width: 1020px)\" sizes=\"(max-width: 1020px) 1020px\" srcset=\"https:\/\/hexagon-network.com\/wp-content\/uploads\/2023\/05\/linkedin-sales-solutions-YDVdprpgHv4-unsplash-1200x1200.jpg 1020w\"><source media=\"(max-width: 1200px)\" sizes=\"(max-width: 1200px) 1200px\" srcset=\"https:\/\/hexagon-network.com\/wp-content\/uploads\/2023\/05\/linkedin-sales-solutions-YDVdprpgHv4-unsplash-1200x1200.jpg 1200w\"><img decoding=\"async\" alt=\"linkedin-sales-solutions-YDVdprpgHv4-unsplash\" title=\"linkedin-sales-solutions-YDVdprpgHv4-unsplash\" src=\"https:\/\/hexagon-network.com\/wp-content\/uploads\/2023\/05\/linkedin-sales-solutions-YDVdprpgHv4-unsplash.jpg\" class=\"attachment-full size-full wp-post-image\" \/><\/picture><\/a><\/div><\/div><div class=\"post-meta-header\"><span class=\"post-meta-item post-meta-item-date\">20\/05\/2023<\/span><span class=\"post-meta-item post-meta-item-author\"><a href=\"https:\/\/hexagon-network.com\/pl\/author\/hex-net-adm\/\">admin<\/a><\/span><\/div><h3 class=\"post-title\"><a href=\"https:\/\/hexagon-network.com\/pl\/seo-implements-in-website\/\">SEO <em>implements in<\/em> website<\/a><\/h3><div class=\"post-content\">Garibaldi brown trout titan triggerfish, squarehead catfish orange roughy northern clingfish halibut. Glassfish morwong trout cod alfonsino, &#8220;Colorado squawfish,&#8221; driftfish, lenok, man-of-war fish: sabertooth fish danio North American darter queen triggerfish. Arctic char, steelhead sprat sea lamprey grunion. Walleye poolfish san...<\/div><div class=\"post-more-button\"><a href=\"https:\/\/hexagon-network.com\/pl\/seo-implements-in-website\/\" class=\"agencium-alter-button\">Explore more<svg viewbox=\"0 0 13 20\"><polyline points=\"0.5 19.5 3 19.5 12.5 10 3 0.5\"><\/polyline><\/svg><\/a><\/div>    <\/div>\n<\/div>\n<div class=\"standard-blog-item-wrapper post classic-item classic-blog-item-wrapper post-389 type-post status-publish format-standard has-post-thumbnail hentry category-digital tag-ads tag-business tag-marketing\">\n    <div class=\"blog-item\">\n        <div class=\"post-labels\"><div class=\"post-categories\"><a class=\"post-category-item\" href=\"https:\/\/hexagon-network.com\/pl\/category\/digital\/\">Digital<\/a><\/div><\/div><div class=\"post-media-wrapper\"><div class=\"post-media\"><a href=\"https:\/\/hexagon-network.com\/pl\/creating-new-working-in-the-digital-world\/\"><picture><source media=\"(max-width: 480px)\" sizes=\"(max-width: 480px) 480px\" srcset=\"https:\/\/hexagon-network.com\/wp-content\/uploads\/2023\/05\/brooke-cagle-RnDGGnMEOao-unsplash-1-480x480.jpg 480w\"><source media=\"(max-width: 660px)\" sizes=\"(max-width: 660px) 660px\" srcset=\"https:\/\/hexagon-network.com\/wp-content\/uploads\/2023\/05\/brooke-cagle-RnDGGnMEOao-unsplash-1-600x600.jpg 660w\"><source media=\"(max-width: 840px)\" sizes=\"(max-width: 840px) 840px\" srcset=\"https:\/\/hexagon-network.com\/wp-content\/uploads\/2023\/05\/brooke-cagle-RnDGGnMEOao-unsplash-1-840x840.jpg 840w\"><source media=\"(max-width: 1020px)\" sizes=\"(max-width: 1020px) 1020px\" srcset=\"https:\/\/hexagon-network.com\/wp-content\/uploads\/2023\/05\/brooke-cagle-RnDGGnMEOao-unsplash-1-1200x1200.jpg 1020w\"><source media=\"(max-width: 1200px)\" sizes=\"(max-width: 1200px) 1200px\" srcset=\"https:\/\/hexagon-network.com\/wp-content\/uploads\/2023\/05\/brooke-cagle-RnDGGnMEOao-unsplash-1-1200x1200.jpg 1200w\"><img decoding=\"async\" alt=\"brooke-cagle-RnDGGnMEOao-unsplash 1\" title=\"brooke-cagle-RnDGGnMEOao-unsplash 1\" src=\"https:\/\/hexagon-network.com\/wp-content\/uploads\/2023\/05\/brooke-cagle-RnDGGnMEOao-unsplash-1.jpg\" class=\"attachment-full size-full wp-post-image\" \/><\/picture><\/a><\/div><\/div><div class=\"post-meta-header\"><span class=\"post-meta-item post-meta-item-date\">10\/05\/2023<\/span><span class=\"post-meta-item post-meta-item-author\"><a href=\"https:\/\/hexagon-network.com\/pl\/author\/hex-net-adm\/\">admin<\/a><\/span><\/div><h3 class=\"post-title\"><a href=\"https:\/\/hexagon-network.com\/pl\/creating-new-working-in-the-digital-world\/\">Creating new working in the digital world<\/a><\/h3><div class=\"post-content\">Frigate mackerel snake mackerel upside-down catfish finback cat shark. Reedfish bonefish trahira bristlenose catfish, longnose. Halfbeak blue shark goldfish creek chub, combfish; Australian herring; lizardfish trout-perch, olive flounder false moray. Monkeyface prickleback cutlassfish, &#8220;Black scalyfin,&#8221; swamp-eel eel yellowfin su...<\/div><div class=\"post-more-button\"><a href=\"https:\/\/hexagon-network.com\/pl\/creating-new-working-in-the-digital-world\/\" class=\"agencium-alter-button\">Explore more<svg viewbox=\"0 0 13 20\"><polyline points=\"0.5 19.5 3 19.5 12.5 10 3 0.5\"><\/polyline><\/svg><\/a><\/div>    <\/div>\n<\/div>\n<div class=\"standard-blog-item-wrapper post classic-item classic-blog-item-wrapper post-392 type-post status-publish format-standard has-post-thumbnail hentry category-technology tag-business tag-google-analytics tag-seo-text\">\n    <div class=\"blog-item\">\n        <div class=\"post-labels\"><div class=\"post-categories\"><a class=\"post-category-item\" href=\"https:\/\/hexagon-network.com\/pl\/category\/technology\/\">Technology<\/a><\/div><\/div><div class=\"post-media-wrapper\"><div class=\"post-media\"><a href=\"https:\/\/hexagon-network.com\/pl\/new-technologies-in-the-development-of-products\/\"><picture><source media=\"(max-width: 480px)\" sizes=\"(max-width: 480px) 480px\" srcset=\"https:\/\/hexagon-network.com\/wp-content\/uploads\/2023\/05\/kelly-sikkema-v9FQR4tbIq8-unsplash-1-1-480x480.jpg 480w\"><source media=\"(max-width: 660px)\" sizes=\"(max-width: 660px) 660px\" srcset=\"https:\/\/hexagon-network.com\/wp-content\/uploads\/2023\/05\/kelly-sikkema-v9FQR4tbIq8-unsplash-1-1-600x600.jpg 660w\"><source media=\"(max-width: 840px)\" sizes=\"(max-width: 840px) 840px\" srcset=\"https:\/\/hexagon-network.com\/wp-content\/uploads\/2023\/05\/kelly-sikkema-v9FQR4tbIq8-unsplash-1-1-840x840.jpg 840w\"><source media=\"(max-width: 1020px)\" sizes=\"(max-width: 1020px) 1020px\" srcset=\"https:\/\/hexagon-network.com\/wp-content\/uploads\/2023\/05\/kelly-sikkema-v9FQR4tbIq8-unsplash-1-1-1200x1200.jpg 1020w\"><source media=\"(max-width: 1200px)\" sizes=\"(max-width: 1200px) 1200px\" srcset=\"https:\/\/hexagon-network.com\/wp-content\/uploads\/2023\/05\/kelly-sikkema-v9FQR4tbIq8-unsplash-1-1-1200x1200.jpg 1200w\"><img decoding=\"async\" alt=\"kelly-sikkema-v9FQR4tbIq8-unsplash 1\" title=\"kelly-sikkema-v9FQR4tbIq8-unsplash 1\" src=\"https:\/\/hexagon-network.com\/wp-content\/uploads\/2023\/05\/kelly-sikkema-v9FQR4tbIq8-unsplash-1-1.jpg\" class=\"attachment-full size-full wp-post-image\" \/><\/picture><\/a><\/div><\/div><div class=\"post-meta-header\"><span class=\"post-meta-item post-meta-item-date\">05\/05\/2023<\/span><span class=\"post-meta-item post-meta-item-author\"><a href=\"https:\/\/hexagon-network.com\/pl\/author\/hex-net-adm\/\">admin<\/a><\/span><\/div><h3 class=\"post-title\"><a href=\"https:\/\/hexagon-network.com\/pl\/new-technologies-in-the-development-of-products\/\">New technologies in the development of products<\/a><\/h3><div class=\"post-content\">Upside-down catfish finback cat shark. Reedfish bonefish trahira bristlenose catfish, longnose. Link salmon cherry gourami frigate mackerel. Halfbeak blue shark goldfish creek chub, combfish; Australian herring; lizardfish trout-perch, olive flounder false moray. Monkeyface prickleback cutlassfish, &#8220;Black scalyfin,&#8221; swamp-eel eel...<\/div><div class=\"post-more-button\"><a href=\"https:\/\/hexagon-network.com\/pl\/new-technologies-in-the-development-of-products\/\" class=\"agencium-alter-button\">Explore more<svg viewbox=\"0 0 13 20\"><polyline points=\"0.5 19.5 3 19.5 12.5 10 3 0.5\"><\/polyline><\/svg><\/a><\/div>    <\/div>\n<\/div>            <\/div>\n\n            <div class=\"content-pagination\"><nav class=\"pagination\"><div class=\"nav-links\"><span class=\"prev page-numbers disabled\"><span class=\"button-icon\"><\/span><\/span>\n<span aria-label=\"Strona 1\" aria-current=\"page\" class=\"page-numbers current\" data-no-translation-aria-label=\"\">1<\/span>\n<a aria-label=\"Strona 2\" class=\"page-numbers\" href=\"https:\/\/hexagon-network.com\/pl\/wp-json\/wp\/v2\/pages\/5103\/?4d67ef5-paged=2\" data-no-translation-aria-label=\"\">2<\/a>\n<a aria-label=\"Strona 3\" class=\"page-numbers\" href=\"https:\/\/hexagon-network.com\/pl\/wp-json\/wp\/v2\/pages\/5103\/?4d67ef5-paged=3\" data-no-translation-aria-label=\"\">3<\/a>\n<span class=\"page-numbers dots\">&hellip;<\/span>\n<a aria-label=\"Strona 5\" class=\"page-numbers\" href=\"https:\/\/hexagon-network.com\/pl\/wp-json\/wp\/v2\/pages\/5103\/?4d67ef5-paged=5\" data-no-translation-aria-label=\"\">5<\/a>\n<a class=\"next page-numbers\" href=\"https:\/\/hexagon-network.com\/pl\/wp-json\/wp\/v2\/pages\/5103\/?4d67ef5-paged=2\"><span class=\"button-icon\"><\/span><\/a><\/div><\/nav><\/div>        <\/div>\n        \t\t\t\t<\/div>\n\t\t\t\t<\/div>\n\t\t\t\t\t<\/div>\n\t\t<\/div>\n\t\t\t\t\t<\/div>\n\t\t<\/section>\n\t\t\t\t<section class=\"elementor-section elementor-top-section elementor-element elementor-element-f41a893 elementor-section-full_width elementor-section-stretched elementor-section-height-default elementor-section-height-default\" data-id=\"f41a893\" data-element_type=\"section\" data-e-type=\"section\" data-settings=\"{&quot;stretch_section&quot;:&quot;section-stretched&quot;}\">\n\t\t\t\t\t\t<div class=\"elementor-container elementor-column-gap-no\">\n\t\t\t\t\t<div class=\"elementor-column elementor-col-100 elementor-top-column elementor-element elementor-element-2ac7325\" data-id=\"2ac7325\" data-element_type=\"column\" data-e-type=\"column\">\n\t\t\t<div class=\"elementor-widget-wrap elementor-element-populated\">\n\t\t\t\t\t\t<div class=\"elementor-element elementor-element-2c2cc72 elementor-widget__width-inherit elementor-absolute elementor-widget elementor-widget-image\" data-id=\"2c2cc72\" data-element_type=\"widget\" data-e-type=\"widget\" data-settings=\"{&quot;_position&quot;:&quot;absolute&quot;}\" data-widget_type=\"image.default\">\n\t\t\t\t<div class=\"elementor-widget-container\">\n\t\t\t\t\t\t\t\t\t\t\t\t\t\t\t<img decoding=\"async\" width=\"1920\" height=\"2852\" src=\"https:\/\/hexagon-network.com\/wp-content\/uploads\/2023\/10\/home5-bg2.png\" class=\"attachment-full size-full wp-image-4971\" alt=\"\" srcset=\"https:\/\/hexagon-network.com\/wp-content\/uploads\/2023\/10\/home5-bg2.png 1920w, https:\/\/hexagon-network.com\/wp-content\/uploads\/2023\/10\/home5-bg2-1379x2048.png 1379w\" sizes=\"(max-width: 1920px) 100vw, 1920px\" \/>\t\t\t\t\t\t\t\t\t\t\t\t\t\t\t<\/div>\n\t\t\t\t<\/div>\n\t\t\t\t\t<\/div>\n\t\t<\/div>\n\t\t\t\t\t<\/div>\n\t\t<\/section>\n\t\t\t\t<section class=\"elementor-section elementor-top-section elementor-element elementor-element-29ea3f2 elementor-section-stretched before-footer-section elementor-section-boxed elementor-section-height-default elementor-section-height-default\" data-id=\"29ea3f2\" data-element_type=\"section\" data-e-type=\"section\" data-settings=\"{&quot;stretch_section&quot;:&quot;section-stretched&quot;}\">\n\t\t\t\t\t\t<div class=\"elementor-container elementor-column-gap-default\">\n\t\t\t\t\t<div class=\"elementor-column elementor-col-100 elementor-top-column elementor-element elementor-element-f482d60\" data-id=\"f482d60\" data-element_type=\"column\" data-e-type=\"column\">\n\t\t\t<div class=\"elementor-widget-wrap elementor-element-populated\">\n\t\t\t\t\t\t<div class=\"elementor-element elementor-element-dff6240 elementor-widget elementor-widget-heading\" data-id=\"dff6240\" data-element_type=\"widget\" data-e-type=\"widget\" data-widget_type=\"heading.default\">\n\t\t\t\t<div class=\"elementor-widget-container\">\n\t\t\t\t\t<h6 class=\"elementor-heading-title elementor-size-default\"># agencium<\/h6>\t\t\t\t<\/div>\n\t\t\t\t<\/div>\n\t\t\t\t<div class=\"elementor-element elementor-element-8727a15 elementor-widget elementor-widget-shortcode\" data-id=\"8727a15\" data-element_type=\"widget\" data-e-type=\"widget\" data-widget_type=\"shortcode.default\">\n\t\t\t\t<div class=\"elementor-widget-container\">\n\t\t\t\t\t\t\t<div class=\"elementor-shortcode\">\t\t<div id=\"sbi_mod_error\" >\n\t\t\t<span>Ten komunikat o b\u0142\u0119dzie jest widoczny tylko dla administrator\u00f3w WordPressa<\/span><br\/>\n\t\t\t<p><strong>B\u0142\u0105d: nie znaleziono kana\u0142u o identyfikatorze 2.<\/strong>\n\t\t\t<p>Przejd\u017a na stron\u0119 ustawie\u0144 kana\u0142u Instagramu, aby utworzy\u0107 kana\u0142.<\/p>\n\t\t<\/div>\n\t\t<\/div>\n\t\t\t\t\t\t<\/div>\n\t\t\t\t<\/div>\n\t\t\t\t\t<\/div>\n\t\t<\/div>\n\t\t\t\t\t<\/div>\n\t\t<\/section>\n\t\t\t\t<\/div>","protected":false},"excerpt":{"rendered":"<p># agencium<\/p>","protected":false},"author":1,"featured_media":0,"parent":0,"menu_order":0,"comment_status":"closed","ping_status":"closed","template":"","meta":{"footnotes":""},"class_list":["post-5103","page","type-page","status-publish","hentry"],"_links":{"self":[{"href":"https:\/\/hexagon-network.com\/pl\/wp-json\/wp\/v2\/pages\/5103","targetHints":{"allow":["GET"]}}],"collection":[{"href":"https:\/\/hexagon-network.com\/pl\/wp-json\/wp\/v2\/pages"}],"about":[{"href":"https:\/\/hexagon-network.com\/pl\/wp-json\/wp\/v2\/types\/page"}],"author":[{"embeddable":true,"href":"https:\/\/hexagon-network.com\/pl\/wp-json\/wp\/v2\/users\/1"}],"replies":[{"embeddable":true,"href":"https:\/\/hexagon-network.com\/pl\/wp-json\/wp\/v2\/comments?post=5103"}],"version-history":[{"count":1,"href":"https:\/\/hexagon-network.com\/pl\/wp-json\/wp\/v2\/pages\/5103\/revisions"}],"predecessor-version":[{"id":5999,"href":"https:\/\/hexagon-network.com\/pl\/wp-json\/wp\/v2\/pages\/5103\/revisions\/5999"}],"wp:attachment":[{"href":"https:\/\/hexagon-network.com\/pl\/wp-json\/wp\/v2\/media?parent=5103"}],"curies":[{"name":"wp","href":"https:\/\/api.w.org\/{rel}","templated":true}]}}